{"id":134,"date":"2026-05-09T15:26:49","date_gmt":"2026-05-09T12:26:49","guid":{"rendered":"https:\/\/slcnautomation.com\/?page_id=134"},"modified":"2026-05-09T15:30:49","modified_gmt":"2026-05-09T12:30:49","slug":"cerez-politikasi","status":"publish","type":"page","link":"https:\/\/slcnautomation.com\/tr\/cerez-politikasi\/","title":{"rendered":"\u00c7erez Politikas\u0131"},"content":{"rendered":"<div class=\"slcn-auto-page\">\n<section class=\"slcn-auto-hero slcn-auto-legal-hero\">\n<div class=\"slcn-auto-container\">\n<div class=\"slcn-auto-eyebrow\">YASAL<\/div>\n<h1>\u00c7erez Politikas\u0131<\/h1>\n<p>Bu \u00c7erez Politikas\u0131, <a href=\"https:\/\/slcnautomation.com\/tr\/\">SLCN Automation<\/a> web sitesinde \u00e7erezlerin ve benzeri<br \/>\nteknolojilerin nas\u0131l kullan\u0131labilece\u011fini a\u00e7\u0131klar.<\/p>\n<\/div>\n<\/section>\n<section class=\"slcn-auto-section\">\n<div class=\"slcn-auto-container\">\n<h2>1. \u00c7erez Nedir?<\/h2>\n<p class=\"slcn-auto-intro\">\u00c7erezler, bir web sitesini ziyaret etti\u011finizde cihaz\u0131n\u0131za kaydedilen k\u00fc\u00e7\u00fck<br \/>\nmetin dosyalar\u0131d\u0131r. Web sitelerinin d\u00fczg\u00fcn \u00e7al\u0131\u015fmas\u0131na, tercihlerin hat\u0131rlanmas\u0131na,<br \/>\nperformans\u0131n iyile\u015ftirilmesine ve ziyaret\u00e7ilerin siteyi nas\u0131l kulland\u0131\u011f\u0131n\u0131n<br \/>\nanla\u015f\u0131lmas\u0131na yard\u0131mc\u0131 olur.<\/p>\n<h2>2. \u00c7erezleri Nas\u0131l Kullanabiliriz?<\/h2>\n<p class=\"slcn-auto-intro\">SLCN Automation; temel site i\u015flevleri, g\u00fcvenlik, performans \u00f6l\u00e7\u00fcm\u00fc,<br \/>\nanalitik ve kullan\u0131c\u0131 deneyimini iyile\u015ftirme ama\u00e7lar\u0131yla \u00e7erezler kullanabilir.<\/p>\n<h2>3. \u00c7erez T\u00fcrleri<\/h2>\n<p class=\"slcn-auto-intro\">Bu web sitesinde sitenin \u00e7al\u0131\u015fmas\u0131 i\u00e7in gerekli zorunlu \u00e7erezler,<br \/>\nsitenin nas\u0131l kullan\u0131ld\u0131\u011f\u0131n\u0131 anlamaya y\u00f6nelik performans \u00e7erezleri<br \/>\nve ziyaret\u00e7i deneyimini iyile\u015ftirmeye y\u00f6nelik tercih \u00e7erezleri kullan\u0131labilir.<\/p>\n<h2>4. \u00dc\u00e7\u00fcnc\u00fc Taraf \u00c7erezleri<\/h2>\n<p class=\"slcn-auto-intro\">Analitik, g\u00fcvenlik, g\u00f6m\u00fcl\u00fc i\u00e7erik veya web sitesi performans\u0131 i\u00e7in kullan\u0131lan<br \/>\nbaz\u0131 \u00fc\u00e7\u00fcnc\u00fc taraf hizmetler \u00e7erez yerle\u015ftirebilir. Bu \u00fc\u00e7\u00fcnc\u00fc taraflar verileri<br \/>\nkendi gizlilik ve \u00e7erez politikalar\u0131na g\u00f6re i\u015fleyebilir.<\/p>\n<h2>5. \u00c7erezleri Y\u00f6netme<\/h2>\n<p class=\"slcn-auto-intro\">\u00c7erezleri taray\u0131c\u0131 ayarlar\u0131n\u0131z \u00fczerinden y\u00f6netebilir veya silebilirsiniz.<br \/>\nBaz\u0131 \u00e7erezleri devre d\u0131\u015f\u0131 b\u0131rakman\u0131z web sitesinin i\u015flevlerini veya kullan\u0131c\u0131<br \/>\ndeneyimini etkileyebilir.<\/p>\n<h2>6. G\u00fcncellemeler<\/h2>\n<p class=\"slcn-auto-intro\">Bu \u00c7erez Politikas\u0131 zaman zaman g\u00fcncellenebilir. G\u00fcncel s\u00fcr\u00fcm bu sayfada yay\u0131mlan\u0131r.<\/p>\n<h2>7. \u0130leti\u015fim<\/h2>\n<p class=\"slcn-auto-intro\">Bu \u00c7erez Politikas\u0131 ile ilgili sorular\u0131n\u0131z i\u00e7in web sitesindeki ileti\u015fim formu<br \/>\n\u00fczerinden bizimle ileti\u015fime ge\u00e7ebilirsiniz.<\/p>\n<\/div>\n<\/section>\n<\/div>\n<div class=\"slcn-auto-logo-block\"><a href=\"https:\/\/www.linkedin.com\/company\/slcn-company\/\" target=\"_blank\" rel=\"noopener\"><img loading=\"lazy\" decoding=\"async\" class=\"aligncenter size-thumbnail wp-image-34\" src=\"https:\/\/slcnautomation.com\/wp-content\/uploads\/2026\/05\/Beyaz-Arkaplan-150x150.png\" alt=\"\u00c7erez Politikas\u0131\" width=\"150\" height=\"150\" title=\"\"><\/a><\/div>\n","protected":false},"excerpt":{"rendered":"<p>YASAL \u00c7erez Politikas\u0131 Bu \u00c7erez Politikas\u0131, SLCN Automation web sitesinde \u00e7erezlerin ve benzeri teknolojilerin nas\u0131l kullan\u0131labilece\u011fini a\u00e7\u0131klar. 1. \u00c7erez Nedir? \u00c7erezler, bir web sitesini ziyaret etti\u011finizde cihaz\u0131n\u0131za kaydedilen k\u00fc\u00e7\u00fck metin dosyalar\u0131d\u0131r. Web sitelerinin d\u00fczg\u00fcn \u00e7al\u0131\u015fmas\u0131na, tercihlerin hat\u0131rlanmas\u0131na, performans\u0131n iyile\u015ftirilmesine ve ziyaret\u00e7ilerin siteyi nas\u0131l kulland\u0131\u011f\u0131n\u0131n anla\u015f\u0131lmas\u0131na yard\u0131mc\u0131 olur. 2. \u00c7erezleri Nas\u0131l Kullanabiliriz? SLCN Automation; temel site &#8230; <a title=\"\u00c7erez Politikas\u0131\" class=\"read-more\" href=\"https:\/\/slcnautomation.com\/tr\/cerez-politikasi\/\" aria-label=\"Read more about \u00c7erez Politikas\u0131\">Devam\u0131n\u0131 oku<\/a><\/p>\n","protected":false},"author":1,"featured_media":0,"parent":0,"menu_order":0,"comment_status":"closed","ping_status":"closed","template":"","meta":{"footnotes":""},"class_list":["post-134","page","type-page","status-publish"],"_links":{"self":[{"href":"https:\/\/slcnautomation.com\/tr\/wp-json\/wp\/v2\/pages\/134","targetHints":{"allow":["GET"]}}],"collection":[{"href":"https:\/\/slcnautomation.com\/tr\/wp-json\/wp\/v2\/pages"}],"about":[{"href":"https:\/\/slcnautomation.com\/tr\/wp-json\/wp\/v2\/types\/page"}],"author":[{"embeddable":true,"href":"https:\/\/slcnautomation.com\/tr\/wp-json\/wp\/v2\/users\/1"}],"replies":[{"embeddable":true,"href":"https:\/\/slcnautomation.com\/tr\/wp-json\/wp\/v2\/comments?post=134"}],"version-history":[{"count":1,"href":"https:\/\/slcnautomation.com\/tr\/wp-json\/wp\/v2\/pages\/134\/revisions"}],"predecessor-version":[{"id":135,"href":"https:\/\/slcnautomation.com\/tr\/wp-json\/wp\/v2\/pages\/134\/revisions\/135"}],"wp:attachment":[{"href":"https:\/\/slcnautomation.com\/tr\/wp-json\/wp\/v2\/media?parent=134"}],"curies":[{"name":"wp","href":"https:\/\/api.w.org\/{rel}","templated":true}]}}