{"id":56,"date":"2026-05-08T07:56:19","date_gmt":"2026-05-08T04:56:19","guid":{"rendered":"https:\/\/slcnautomation.com\/?page_id=56"},"modified":"2026-05-08T08:43:44","modified_gmt":"2026-05-08T05:43:44","slug":"anasayfa","status":"publish","type":"page","link":"https:\/\/slcnautomation.com\/tr\/","title":{"rendered":"Anasayfa"},"content":{"rendered":"<div class=\"slcn-auto-page\">\n<section class=\"slcn-auto-hero\">\n<div class=\"slcn-auto-container\">\n<div class=\"slcn-auto-eyebrow\">SLCN AUTOMATION<\/div>\n<h1>Havac\u0131l\u0131k Operasyon Tecr\u00fcbesinden Yapay Zek\u00e2 Destekli Otomasyona<\/h1>\n<p>\n        SLCN Automation; 27 y\u0131l\u0131 a\u015fk\u0131n havac\u0131l\u0131k bak\u0131m, MRO, IOCC, ramp operasyonlar\u0131<br \/>\n        ve de\/anti-icing tecr\u00fcbesini yapay zek\u00e2 destekli otomasyon, veri odakl\u0131 karar<br \/>\n        destek sistemleri ve end\u00fcstriyel d\u00f6n\u00fc\u015f\u00fcm kabiliyetleriyle birle\u015ftirir.\n      <\/p>\n<p>\n  Yapay zek\u00e2 otomasyon dan\u0131\u015fmanl\u0131\u011f\u0131 alan\u0131nda SLCN Automation; 27 y\u0131l\u0131 a\u015fk\u0131n<br \/>\n  havac\u0131l\u0131k bak\u0131m, MRO, IOCC, ramp operasyonlar\u0131 ve de\/anti-icing tecr\u00fcbesini<br \/>\n  veri odakl\u0131 karar destek sistemleri ve end\u00fcstriyel d\u00f6n\u00fc\u015f\u00fcm kabiliyetleriyle<br \/>\n  birle\u015ftirir.\n<\/p>\n<div class=\"slcn-auto-buttons\">\n        <a href=\"#expertise\" class=\"slcn-auto-btn primary\">Uzmanl\u0131k Alanlar\u0131m\u0131z<\/a><br \/>\n        <a href=\"#contact\" class=\"slcn-auto-btn secondary\">Bizimle G\u00f6r\u00fc\u015f\u00fcn<\/a>\n      <\/div>\n<\/p><\/div>\n<\/section>\n<section id=\"expertise\" class=\"slcn-auto-section\">\n<div class=\"slcn-auto-container\">\n<h2>Yapay Zek\u00e2 Otomasyon Dan\u0131\u015fmanl\u0131\u011f\u0131 ile Havac\u0131l\u0131k Standartlar\u0131nda Operasyonel Zek\u00e2<\/h2>\n<p class=\"slcn-auto-intro\">\n        Havac\u0131l\u0131k, \u00fcretim ve teknoloji odakl\u0131 kurumlar\u0131n daha emniyetli, daha ak\u0131ll\u0131<br \/>\n        ve daha verimli operasyonlar kurmas\u0131na destek oluyoruz. Bunu ger\u00e7ek saha<br \/>\n        tecr\u00fcbesini modern yapay zek\u00e2 sistemleriyle birle\u015ftirerek yap\u0131yoruz.\n      <\/p>\n<div class=\"slcn-auto-grid five\">\n<div class=\"slcn-auto-card\">\n<h3>MRO ve Bak\u0131m Sistemleri<\/h3>\n<p>Bak\u0131m s\u00fcre\u00e7 tasar\u0131m\u0131, bak\u0131m kontrol yap\u0131lar\u0131, kalite sistemleri, Part-145 haz\u0131rl\u0131k yakla\u015f\u0131m\u0131, tak\u0131m\/ekipman stratejisi.<\/p>\n<\/p><\/div>\n<div class=\"slcn-auto-card\">\n<h3>IOCC ve U\u00e7u\u015f Operasyon Zek\u00e2s\u0131<\/h3>\n<p>Integrated Operations Control Center yap\u0131lar\u0131, u\u00e7u\u015f operasyon s\u00fcre\u00e7leri, aksakl\u0131k y\u00f6netimi, operasyonel koordinasyon ve karar destek sistemleri.<\/p>\n<\/p><\/div>\n<div class=\"slcn-auto-card\">\n<h3>Ramp, De\/Anti-Icing ve Yer Operasyonlar\u0131<\/h3>\n<p>Ramp operasyonlar\u0131, de\/anti-icing s\u00fcre\u00e7leri, saha kalite kontrol\u00fc, GSE\/ekipman stratejisi ve operasyonel disiplin.<\/p>\n<\/p><\/div>\n<div class=\"slcn-auto-card\">\n<h3>E\u011fitim, Standartlar ve Operasyonel Haz\u0131rl\u0131k<\/h3>\n<p>Ramp e\u011fitimi, deicing e\u011fitimi, prosed\u00fcr geli\u015ftirme, e\u011fitim matrisi, yetkinlik takibi ve operasyonel haz\u0131rl\u0131k.<\/p>\n<\/p><\/div>\n<div class=\"slcn-auto-card\">\n<h3>AI Otomasyon Dan\u0131\u015fmanl\u0131\u011f\u0131 ve End\u00fcstriyel D\u00f6n\u00fc\u015f\u00fcm<\/h3>\n<p>Yapay zek\u00e2 destekli i\u015f ak\u0131\u015f\u0131 otomasyonu, veri analizi, karar destek sistemleri, \u00fcretim\/kalite d\u00f6n\u00fc\u015f\u00fcm\u00fc ve end\u00fcstriyel dan\u0131\u015fmanl\u0131k.<\/p>\n<\/p><\/div>\n<\/p><\/div>\n<\/p><\/div>\n<\/section>\n<section class=\"slcn-auto-section alt\">\n<div class=\"slcn-auto-container\">\n<h2>Sadece Teoriye De\u011fil, Ger\u00e7ek Operasyona Dayal\u0131<\/h2>\n<p class=\"slcn-auto-intro\">\n        SLCN Automation; bak\u0131m, MRO, IOCC\/u\u00e7u\u015f operasyonlar\u0131, ramp operasyonlar\u0131<br \/>\n        ve de\/anti-icing liderli\u011fi dahil olmak \u00fczere ger\u00e7ek havac\u0131l\u0131k operasyon<br \/>\n        tecr\u00fcbesi \u00fczerine kuruludur. Bu altyap\u0131 sayesinde otomasyona yaln\u0131zca<br \/>\n        genel bir yaz\u0131l\u0131m katman\u0131 olarak de\u011fil, uygulanabilir bir operasyonel<br \/>\n        iyile\u015ftirme sistemi olarak yakla\u015f\u0131r\u0131z.\n      <\/p>\n<div class=\"slcn-auto-list\">\n        <span>27+ y\u0131l havac\u0131l\u0131k ve operasyon tecr\u00fcbesi<\/span><br \/>\n        <span>MRO, IOCC, ramp ve de\/anti-icing uzmanl\u0131\u011f\u0131<\/span><br \/>\n        <span>E\u011fitim birimi kurma ve y\u00f6netme tecr\u00fcbesi<\/span><br \/>\n        <span>Yapay zek\u00e2 destekli otomasyon ve karar destek yakla\u015f\u0131m\u0131<\/span><br \/>\n        <span>End\u00fcstriyel d\u00f6n\u00fc\u015f\u00fcme uygulanan havac\u0131l\u0131k disiplini<\/span>\n      <\/div>\n<\/p><\/div>\n<\/section>\n<section class=\"slcn-auto-section\">\n<div class=\"slcn-auto-container\">\n<h2>Destek Verdi\u011fimiz Alanlar<\/h2>\n<div class=\"slcn-auto-grid four\">\n<div class=\"slcn-auto-card\">\n<h3>Havac\u0131l\u0131k<\/h3>\n<p>Operasyonel zek\u00e2, MRO sistemleri, IOCC yap\u0131lar\u0131 ve yer operasyonlar\u0131 deste\u011fi.<\/p>\n<\/p><\/div>\n<div class=\"slcn-auto-card\">\n<h3>Yer Hizmetleri<\/h3>\n<p>Ramp, de\/anti-icing, GSE, e\u011fitim, kalite ve saha haz\u0131rl\u0131k sistemleri.<\/p>\n<\/p><\/div>\n<div class=\"slcn-auto-card\">\n<h3>\u00dcretim<\/h3>\n<p>S\u00fcre\u00e7 tasar\u0131m\u0131, kalite sistemleri, verimlilik art\u0131\u015f\u0131 ve AI destekli d\u00f6n\u00fc\u015f\u00fcm.<\/p>\n<\/p><\/div>\n<div class=\"slcn-auto-card\">\n<h3>Mobilite ve Otomasyon<\/h3>\n<p>Gelecek mobilitesi, otonom sistemler, operasyonel otomasyon ve end\u00fcstriyel yapay zek\u00e2 konseptleri.<\/p>\n<\/p><\/div>\n<\/p><\/div>\n<\/p><\/div>\n<\/section>\n<section class=\"slcn-auto-section alt\">\n<div class=\"slcn-auto-container\">\n<h2>Nas\u0131l \u00c7al\u0131\u015f\u0131r\u0131z?<\/h2>\n<div class=\"slcn-auto-grid three\">\n<div class=\"slcn-auto-card\">\n<h3>Stratejik Dan\u0131\u015fmanl\u0131k<\/h3>\n<p>Operasyonel iyile\u015ftirme, havac\u0131l\u0131k s\u00fcre\u00e7leri, MRO haz\u0131rl\u0131\u011f\u0131 ve AI d\u00f6n\u00fc\u015f\u00fcm\u00fc i\u00e7in k\u0131sa ve orta vadeli dan\u0131\u015fmanl\u0131k.<\/p>\n<\/p><\/div>\n<div class=\"slcn-auto-card\">\n<h3>Proje Geli\u015ftirme<\/h3>\n<p>Fikirden prototipe, operasyonel ihtiya\u00e7tan yap\u0131land\u0131r\u0131lm\u0131\u015f proje plan\u0131na kadar u\u00e7tan uca geli\u015ftirme yakla\u015f\u0131m\u0131.<\/p>\n<\/p><\/div>\n<div class=\"slcn-auto-card\">\n<h3>\u0130novasyon Ortakl\u0131\u011f\u0131<\/h3>\n<p>Se\u00e7ilmi\u015f i\u015f ortaklar\u0131 i\u00e7in y\u00fcksek potansiyelli end\u00fcstriyel ve havac\u0131l\u0131k projelerinde stratejik ortakl\u0131k modeli.<\/p>\n<\/p><\/div>\n<\/p><\/div>\n<\/p><\/div>\n<\/section>\n<section id=\"contact\" class=\"slcn-auto-cta\">\n<div class=\"slcn-auto-container\">\n<h2>Daha Ak\u0131ll\u0131 Operasyonlar\u0131 Birlikte Kural\u0131m<\/h2>\n<p>\n        Kurumunuz havac\u0131l\u0131k, MRO, yer operasyonlar\u0131, end\u00fcstriyel otomasyon<br \/>\n        veya yapay zek\u00e2 d\u00f6n\u00fc\u015f\u00fcm\u00fc alan\u0131nda bir proje planl\u0131yorsa, SLCN Automation<br \/>\n        fikirden uygulamaya giden yolu yap\u0131land\u0131rman\u0131za destek olabilir.\n      <\/p>\n<p>      <a href=\"\/tr\/iletisim\/\" class=\"slcn-auto-btn primary\">SLCN Automation ile \u0130leti\u015fime Ge\u00e7in<\/a>\n    <\/div>\n<\/section>\n<\/div>\n<div class=\"slcn-auto-logo-block\">\n<img loading=\"lazy\" decoding=\"async\" src=\"https:\/\/slcnautomation.com\/wp-content\/uploads\/2026\/05\/Beyaz-Arkaplan-150x150.png\" alt=\"Yapay zek\u00e2 otomasyon dan\u0131\u015fmanl\u0131\u011f\u0131 - SLCN Automation\" width=\"150\" height=\"150\" class=\"aligncenter size-thumbnail wp-image-34\" \/>\n<\/div>\n","protected":false},"excerpt":{"rendered":"<p>SLCN AUTOMATION Havac\u0131l\u0131k Operasyon Tecr\u00fcbesinden Yapay Zek\u00e2 Destekli Otomasyona SLCN Automation; 27 y\u0131l\u0131 a\u015fk\u0131n havac\u0131l\u0131k bak\u0131m, MRO, IOCC, ramp operasyonlar\u0131 ve de\/anti-icing tecr\u00fcbesini yapay zek\u00e2 destekli otomasyon, veri odakl\u0131 karar destek sistemleri ve end\u00fcstriyel d\u00f6n\u00fc\u015f\u00fcm kabiliyetleriyle birle\u015ftirir. Yapay zek\u00e2 otomasyon dan\u0131\u015fmanl\u0131\u011f\u0131 alan\u0131nda SLCN Automation; 27 y\u0131l\u0131 a\u015fk\u0131n havac\u0131l\u0131k bak\u0131m, MRO, IOCC, ramp operasyonlar\u0131 ve de\/anti-icing &#8230; <a title=\"Anasayfa\" class=\"read-more\" href=\"https:\/\/slcnautomation.com\/tr\/\" aria-label=\"Read more about Anasayfa\">Devam\u0131n\u0131 oku<\/a><\/p>\n","protected":false},"author":1,"featured_media":0,"parent":0,"menu_order":0,"comment_status":"closed","ping_status":"closed","template":"","meta":{"footnotes":""},"class_list":["post-56","page","type-page","status-publish"],"_links":{"self":[{"href":"https:\/\/slcnautomation.com\/tr\/wp-json\/wp\/v2\/pages\/56","targetHints":{"allow":["GET"]}}],"collection":[{"href":"https:\/\/slcnautomation.com\/tr\/wp-json\/wp\/v2\/pages"}],"about":[{"href":"https:\/\/slcnautomation.com\/tr\/wp-json\/wp\/v2\/types\/page"}],"author":[{"embeddable":true,"href":"https:\/\/slcnautomation.com\/tr\/wp-json\/wp\/v2\/users\/1"}],"replies":[{"embeddable":true,"href":"https:\/\/slcnautomation.com\/tr\/wp-json\/wp\/v2\/comments?post=56"}],"version-history":[{"count":3,"href":"https:\/\/slcnautomation.com\/tr\/wp-json\/wp\/v2\/pages\/56\/revisions"}],"predecessor-version":[{"id":60,"href":"https:\/\/slcnautomation.com\/tr\/wp-json\/wp\/v2\/pages\/56\/revisions\/60"}],"wp:attachment":[{"href":"https:\/\/slcnautomation.com\/tr\/wp-json\/wp\/v2\/media?parent=56"}],"curies":[{"name":"wp","href":"https:\/\/api.w.org\/{rel}","templated":true}]}}