{"id":72,"date":"2026-05-08T08:55:09","date_gmt":"2026-05-08T05:55:09","guid":{"rendered":"https:\/\/slcnautomation.com\/?page_id=72"},"modified":"2026-05-08T09:24:33","modified_gmt":"2026-05-08T06:24:33","slug":"iletisim","status":"publish","type":"page","link":"https:\/\/slcnautomation.com\/tr\/iletisim\/","title":{"rendered":"\u0130leti\u015fim"},"content":{"rendered":"<div class=\"slcn-auto-page\">\n<section class=\"slcn-auto-hero slcn-auto-contact-hero\">\n<div class=\"slcn-auto-container\">\n<h1><a href=\"https:\/\/slcnautomation.com\/tr\/\">SLCN Automation<\/a> a Ula\u015f\u0131n<\/h1>\n<p>Kurumunuz havac\u0131l\u0131k, MRO, yer operasyonlar\u0131, end\u00fcstriyel otomasyon<br \/>\nveya yapay zek\u00e2 d\u00f6n\u00fc\u015f\u00fcm\u00fc alan\u0131nda bir proje planl\u0131yorsa,<br \/>\nSLCN Automation ile yap\u0131land\u0131r\u0131lm\u0131\u015f bir g\u00f6r\u00fc\u015fme ba\u015flatabilirsiniz.<\/p>\n<\/div>\n<\/section>\n<section class=\"slcn-auto-section\">\n<div class=\"slcn-auto-container\">\n<div class=\"slcn-auto-grid two\">\n<div class=\"slcn-auto-card\">\n<h3>Proje ve Dan\u0131\u015fmanl\u0131k Talepleri<\/h3>\n<p>AI otomasyon dan\u0131\u015fmanl\u0131\u011f\u0131, havac\u0131l\u0131k operasyonlar\u0131, MRO haz\u0131rl\u0131\u011f\u0131,<br \/>\nIOCC konseptleri, ramp\/de-icing operasyonlar\u0131 ve end\u00fcstriyel d\u00f6n\u00fc\u015f\u00fcm<br \/>\nprojeleri i\u00e7in bize ula\u015fabilirsiniz.<\/p>\n<\/div>\n<div class=\"slcn-auto-card\">\n<h3>\u0130leti\u015fim Bilgileri<\/h3>\n<p>L\u00fctfen a\u015fa\u011f\u0131daki formu kullan\u0131n. Mesaj\u0131n\u0131z\u0131 proje kapsam\u0131<br \/>\nve uygunluk a\u00e7\u0131s\u0131ndan de\u011ferlendirerek size d\u00f6n\u00fc\u015f yapaca\u011f\u0131z.<\/p>\n<\/div>\n<\/div>\n<div class=\"slcn-auto-form-block\"><div class='fluentform ff-default fluentform_wrapper_4 ffs_default_wrap'><form data-form_id=\"4\" id=\"fluentform_4\" class=\"frm-fluent-form fluent_form_4 ff-el-form-top ff_form_instance_4_1 ff-form-loading ffs_default\" data-form_instance=\"ff_form_instance_4_1\" method=\"POST\" ><fieldset  style=\"border: none!important;margin: 0!important;padding: 0!important;background-color: transparent!important;box-shadow: none!important;outline: none!important; min-inline-size: 100%;\">\n                    <legend class=\"ff_screen_reader_title\" style=\"display: block; margin: 0!important;padding: 0!important;height: 0!important;text-indent: -999999px;width: 0!important;overflow:hidden;\">\u0130leti\u015fim (en) (#4)<\/legend><input type='hidden' name='__fluent_form_embded_post_id' value='72' \/><input type=\"hidden\" id=\"_fluentform_4_fluentformnonce\" name=\"_fluentform_4_fluentformnonce\" value=\"1fc8cd70b0\" \/><input type=\"hidden\" name=\"_wp_http_referer\" value=\"\/tr\/wp-json\/wp\/v2\/pages\/72\" \/><div data-type=\"name-element\" data-name=\"names\" class=\" ff-field_container ff-name-field-wrapper\" ><div class='ff-t-container'><div class='ff-t-cell '><div class='ff-el-group ff-el-form-top'><div class=\"ff-el-input--label asterisk-right\"><label for='ff_4_names_first_name_' id='label_ff_4_names_first_name_' >Ad\u0131n\u0131z<\/label><\/div><div class='ff-el-input--content'><input type=\"text\" name=\"names[first_name]\" id=\"ff_4_names_first_name_\" class=\"ff-el-form-control\" placeholder=\"L\u00fctfen ad\u0131n\u0131z\u0131 yaz\u0131n\u0131z\" aria-invalid=\"false\" aria-required=false><\/div><\/div><\/div><\/div><\/div><div class='ff-el-group'><div class=\"ff-el-input--label asterisk-right\"><label for='ff_4_email' id='label_ff_4_email' aria-label=\"Eposta\">Eposta<\/label><\/div><div class='ff-el-input--content'><input type=\"email\" name=\"email\" id=\"ff_4_email\" class=\"ff-el-form-control\" placeholder=\"Eposta Adresiniz\" data-name=\"email\"  aria-invalid=\"false\" aria-required=false><\/div><\/div><div class='ff-el-group'><div class=\"ff-el-input--label asterisk-right\"><label for='ff_4_input_text' id='label_ff_4_input_text' aria-label=\"Konu\">Konu<\/label><\/div><div class='ff-el-input--content'><input type=\"text\" name=\"input_text\" class=\"ff-el-form-control\" placeholder=\"L\u00fctfen konuyu yaz\u0131n\u0131z\" data-name=\"input_text\" id=\"ff_4_input_text\"  aria-invalid=\"false\" aria-required=false><\/div><\/div><div class='ff-el-group'><div class=\"ff-el-input--label asterisk-right\"><label for='ff_4_description' id='label_ff_4_description' aria-label=\"Mesaj\u0131n\u0131z\">Mesaj\u0131n\u0131z<\/label><\/div><div class='ff-el-input--content'><textarea aria-required=\"false\" aria-labelledby=\"label_ff_4_description\" name=\"description\" id=\"ff_4_description\" class=\"ff-el-form-control\" placeholder=\"L\u00fctfen mesaj\u0131n\u0131z\u0131 yaz\u0131n\u0131z...\" rows=\"3\" cols=\"2\" data-name=\"description\" ><\/textarea><\/div><\/div><div class='ff-el-group ff-text-left ff_submit_btn_wrapper'><button type=\"submit\" class=\"ff-btn ff-btn-submit ff-btn-md ff_btn_style\"  aria-label=\"Mesaj\u0131n\u0131z\u0131 G\u00f6nderin\">Mesaj\u0131n\u0131z\u0131 G\u00f6nderin<\/button><\/div><\/fieldset><\/form><div id='fluentform_4_errors' class='ff-errors-in-stack ff_form_instance_4_1 ff-form-loading_errors ff_form_instance_4_1_errors'><\/div><\/div>            <script type=\"text\/javascript\">\n                window.fluent_form_ff_form_instance_4_1 = {\"id\":\"4\",\"ajaxUrl\":\"https:\\\/\\\/slcnautomation.com\\\/wp-admin\\\/admin-ajax.php\",\"settings\":{\"layout\":{\"labelPlacement\":\"top\",\"asteriskPlacement\":\"asterisk-right\",\"helpMessagePlacement\":\"with_label\",\"errorMessagePlacement\":\"inline\",\"cssClassName\":\"\"},\"restrictions\":{\"denyEmptySubmission\":{\"enabled\":false}}},\"form_instance\":\"ff_form_instance_4_1\",\"form_id_selector\":\"fluentform_4\",\"rules\":{\"names[first_name]\":{\"required\":{\"value\":false,\"message\":\"This field is required\",\"global_message\":\"This field is required\",\"global\":true}},\"names[middle_name]\":{\"required\":{\"value\":false,\"message\":\"This field is required\",\"global_message\":\"This field is required\",\"global\":true}},\"names[last_name]\":{\"required\":{\"value\":false,\"message\":\"This field is required\",\"global_message\":\"This field is required\",\"global\":true}},\"email\":{\"required\":{\"value\":false,\"message\":\"This field is required\",\"global_message\":\"This field is required\",\"global\":true},\"email\":{\"value\":true,\"message\":\"This field must contain a valid email\",\"global_message\":\"This field must contain a valid email\",\"global\":true}},\"input_text\":{\"required\":{\"value\":false,\"message\":\"This field is required\",\"global_message\":\"This field is required\",\"global\":true}},\"description\":{\"required\":{\"value\":false,\"message\":\"This field is required\",\"global_message\":\"This field is required\",\"global\":true}}},\"debounce_time\":300};\n                            <\/script>\n            <\/div>\n<\/div>\n<\/section>\n<\/div>\n<div class=\"slcn-auto-logo-block\"><a href=\"https:\/\/www.linkedin.com\/company\/slcn-company\/\" target=\"_blank\" rel=\"noopener\"><img loading=\"lazy\" decoding=\"async\" class=\"aligncenter size-thumbnail wp-image-34\" src=\"https:\/\/slcnautomation.com\/wp-content\/uploads\/2026\/05\/Beyaz-Arkaplan-150x150.png\" alt=\"SLCN Automation ile ileti\u015fime ge\u00e7in\" width=\"150\" height=\"150\" \/><\/a><\/div>\n","protected":false},"excerpt":{"rendered":"<p>SLCN Automation a Ula\u015f\u0131n Kurumunuz havac\u0131l\u0131k, MRO, yer operasyonlar\u0131, end\u00fcstriyel otomasyon veya yapay zek\u00e2 d\u00f6n\u00fc\u015f\u00fcm\u00fc alan\u0131nda bir proje planl\u0131yorsa, SLCN Automation ile yap\u0131land\u0131r\u0131lm\u0131\u015f bir g\u00f6r\u00fc\u015fme ba\u015flatabilirsiniz. Proje ve Dan\u0131\u015fmanl\u0131k Talepleri AI otomasyon dan\u0131\u015fmanl\u0131\u011f\u0131, havac\u0131l\u0131k operasyonlar\u0131, MRO haz\u0131rl\u0131\u011f\u0131, IOCC konseptleri, ramp\/de-icing operasyonlar\u0131 ve end\u00fcstriyel d\u00f6n\u00fc\u015f\u00fcm projeleri i\u00e7in bize ula\u015fabilirsiniz. \u0130leti\u015fim Bilgileri L\u00fctfen a\u015fa\u011f\u0131daki formu kullan\u0131n. Mesaj\u0131n\u0131z\u0131 &#8230; <a title=\"\u0130leti\u015fim\" class=\"read-more\" href=\"https:\/\/slcnautomation.com\/tr\/iletisim\/\" aria-label=\"Read more about \u0130leti\u015fim\">Devam\u0131n\u0131 oku<\/a><\/p>\n","protected":false},"author":1,"featured_media":0,"parent":0,"menu_order":0,"comment_status":"closed","ping_status":"closed","template":"","meta":{"footnotes":""},"class_list":["post-72","page","type-page","status-publish"],"_links":{"self":[{"href":"https:\/\/slcnautomation.com\/tr\/wp-json\/wp\/v2\/pages\/72","targetHints":{"allow":["GET"]}}],"collection":[{"href":"https:\/\/slcnautomation.com\/tr\/wp-json\/wp\/v2\/pages"}],"about":[{"href":"https:\/\/slcnautomation.com\/tr\/wp-json\/wp\/v2\/types\/page"}],"author":[{"embeddable":true,"href":"https:\/\/slcnautomation.com\/tr\/wp-json\/wp\/v2\/users\/1"}],"replies":[{"embeddable":true,"href":"https:\/\/slcnautomation.com\/tr\/wp-json\/wp\/v2\/comments?post=72"}],"version-history":[{"count":2,"href":"https:\/\/slcnautomation.com\/tr\/wp-json\/wp\/v2\/pages\/72\/revisions"}],"predecessor-version":[{"id":74,"href":"https:\/\/slcnautomation.com\/tr\/wp-json\/wp\/v2\/pages\/72\/revisions\/74"}],"wp:attachment":[{"href":"https:\/\/slcnautomation.com\/tr\/wp-json\/wp\/v2\/media?parent=72"}],"curies":[{"name":"wp","href":"https:\/\/api.w.org\/{rel}","templated":true}]}}